{"id":18119,"date":"2026-03-19T10:49:20","date_gmt":"2026-03-19T08:49:20","guid":{"rendered":"https:\/\/lasteandekus.ee\/?page_id=18119"},"modified":"2026-03-19T10:49:20","modified_gmt":"2026-03-19T08:49:20","slug":"annetustingimused","status":"publish","type":"page","link":"https:\/\/lasteandekus.ee\/lt\/annetustingimused\/","title":{"rendered":"Annetustingimused"},"content":{"rendered":"<p>K\u00e4esolevad annetustingimused reguleerivad suhet annetaja ja&nbsp;<strong>MT\u00dc LASTE ANDEKUSE TOETUSFOND<\/strong>&nbsp;(registrikood 80667681, aadress Staadioni tn 73, 51008, Tartu; edaspidi &#8220;Toetusfond&#8221;) vahel.<\/p>\n\n\n\n<h3 class=\"wp-block-heading\">1. \u00dclds\u00e4tted<\/h3>\n\n\n\n<p>1.1. Annetus on vabatahtlik rahaline panus, millega toetaja (edaspidi &#8220;Annetaja&#8221;) aitab kaasa Toetusfondi p\u00f5hikirjaliste eesm\u00e4rkide elluviimisele.<br>1.2. Toetusfondi eesm\u00e4rk on toetada laste andekust, loovust ja julgust \u00f5ppida, luues selleks inspireeriva ja turvalise keskkonna (sh \u00f5ppevahendite soetamine, laagrite korraldamine ja \u00f5petajate arengu toetamine).<\/p>\n\n\n\n<h3 class=\"wp-block-heading\">2. Annetuse tegemine<\/h3>\n\n\n\n<p>2.1. Annetusi saab teha Toetusfondi veebilehel asuvate annetuslinkide v\u00f5i maksealgatuse kaudu.<br>2.2. Veebilehel on toodud soovituslikud annetussummad, kuid Annetajal on soovi korral v\u00f5imalik annetuse summat makse sooritamise k\u00e4igus muuta vastavalt oma soovile ja v\u00f5imalustele.<br>2.3. Hetkel on Toetusfondi veebilehe kaudu v\u00f5imalik teha \u00fchekordseid annetusi.<\/p>\n\n\n\n<h3 class=\"wp-block-heading\">3. Annetuste kasutamine<\/h3>\n\n\n\n<p>3.1. Toetusfond kohustub kasutama k\u00f5iki laekunud annetusi sihtotstarbeliselt laste arengu ja andekuse toetamiseks.<br>3.2. Toetuse abil rikastame \u00f5pikeskkonda, soetame arendavaid \u00f5ppevahendeid, korraldame projekt\u00f5pet ning toetame \u00f5petajate ja perede n\u00f5ustamist.<\/p>\n\n\n\n<h3 class=\"wp-block-heading\">4. Tulumaksusoodustus<\/h3>\n\n\n\n<p>4.1.&nbsp;<strong>NB!<\/strong>&nbsp;MT\u00dc Laste Andekuse Toetusfond ei ole k\u00e4esoleval hetkel kantud tulumaksusoodustusega mittetulundus\u00fchingute nimekirja.<br>4.2. Seet\u00f5ttu ei laiene tehtud annetustele tulumaksusoodustus (Annetaja ei saa tulumaksu riigilt tagasi). Toetusfond tegeleb nimekirja kandmise taotlemisega ning teavitab muudatustest oma kodulehel.<\/p>\n\n\n\n<h3 class=\"wp-block-heading\">5. Isikuandmete t\u00f6\u00f6tlemine<\/h3>\n\n\n\n<p>5.1. Toetusfond t\u00f6\u00f6tleb Annetaja isikuandmeid (nimi, e-posti aadress, maksega seotud info) koosk\u00f5las isikuandmete kaitse \u00fcldm\u00e4\u00e4rusega (GDPR).<br>5.2. Isikuandmeid kasutatakse annetuste dokumenteerimiseks ja vajadusel Annetajaga \u00fchenduse v\u00f5tmiseks.<br>5.3. Maksete teostamiseks vajalikud isikuandmed edastatakse volitatud t\u00f6\u00f6tlejale (pank v\u00f5i makselahenduse pakkuja).<\/p>\n\n\n\n<h3 class=\"wp-block-heading\">6. Annetuse tagastamine<\/h3>\n\n\n\n<p>6.1. Tehtud annetused on l\u00f5plikud ja neid \u00fcldjuhul ei tagastata.<br>6.2. Kui annetuse sooritamisel tekkis tehniline viga (nt topeltmakse s\u00fcsteemivea t\u00f5ttu), palume v\u00f5tta \u00fchendust&nbsp;<a target=\"_blank\" rel=\"noreferrer noopener\" href=\"https:\/\/www.google.com\/url?sa=E&amp;q=mailto%3Ainfo%40lasteandekus.ee\">info@lasteandekus.ee<\/a>&nbsp;14 p\u00e4eva jooksul alates makse sooritamisest.<\/p>\n\n\n\n<h3 class=\"wp-block-heading\">7. Kontakt ja k\u00fcsimused<\/h3>\n\n\n\n<p>K\u00fcsimuste korral palume lahkesti \u00fchendust v\u00f5tta:<br><strong>MT\u00dc LASTE ANDEKUSE TOETUSFOND<\/strong><br>Aadress: Staadioni tn 73, 51008, Tartu<br>E-post:&nbsp;<a target=\"_blank\" rel=\"noreferrer noopener\" href=\"https:\/\/www.google.com\/url?sa=E&amp;q=mailto%3Ainfo%40lasteandekus.ee\">info@lasteandekus.ee<\/a><br>Registrikood: 80667681<\/p>","protected":false},"excerpt":{"rendered":"<p>K\u00e4esolevad annetustingimused reguleerivad suhet annetaja ja&nbsp;MT\u00dc LASTE ANDEKUSE TOETUSFOND&nbsp;(registrikood 80667681, aadress Staadioni tn 73, 51008, Tartu; edaspidi &#8220;Toetusfond&#8221;) vahel. 1. \u00dclds\u00e4tted 1.1. Annetus on vabatahtlik rahaline panus, millega toetaja (edaspidi &#8220;Annetaja&#8221;) aitab kaasa Toetusfondi p\u00f5hikirjaliste eesm\u00e4rkide elluviimisele.1.2. Toetusfondi eesm\u00e4rk on toetada laste andekust, loovust ja julgust \u00f5ppida, luues selleks inspireeriva ja turvalise keskkonna (sh \u00f5ppevahendite [&hellip;]<\/p>\n","protected":false},"author":4,"featured_media":0,"parent":0,"menu_order":0,"comment_status":"closed","ping_status":"closed","template":"","meta":{"footnotes":""},"categories":[],"tags":[],"class_list":["post-18119","page","type-page","status-publish","hentry"],"_links":{"self":[{"href":"https:\/\/lasteandekus.ee\/lt\/wp-json\/wp\/v2\/pages\/18119","targetHints":{"allow":["GET"]}}],"collection":[{"href":"https:\/\/lasteandekus.ee\/lt\/wp-json\/wp\/v2\/pages"}],"about":[{"href":"https:\/\/lasteandekus.ee\/lt\/wp-json\/wp\/v2\/types\/page"}],"author":[{"embeddable":true,"href":"https:\/\/lasteandekus.ee\/lt\/wp-json\/wp\/v2\/users\/4"}],"replies":[{"embeddable":true,"href":"https:\/\/lasteandekus.ee\/lt\/wp-json\/wp\/v2\/comments?post=18119"}],"version-history":[{"count":1,"href":"https:\/\/lasteandekus.ee\/lt\/wp-json\/wp\/v2\/pages\/18119\/revisions"}],"predecessor-version":[{"id":18120,"href":"https:\/\/lasteandekus.ee\/lt\/wp-json\/wp\/v2\/pages\/18119\/revisions\/18120"}],"wp:attachment":[{"href":"https:\/\/lasteandekus.ee\/lt\/wp-json\/wp\/v2\/media?parent=18119"}],"wp:term":[{"taxonomy":"category","embeddable":true,"href":"https:\/\/lasteandekus.ee\/lt\/wp-json\/wp\/v2\/categories?post=18119"},{"taxonomy":"post_tag","embeddable":true,"href":"https:\/\/lasteandekus.ee\/lt\/wp-json\/wp\/v2\/tags?post=18119"}],"curies":[{"name":"wp","href":"https:\/\/api.w.org\/{rel}","templated":true}]}}