{"id":18193,"date":"2026-03-19T13:00:08","date_gmt":"2026-03-19T11:00:08","guid":{"rendered":"https:\/\/lasteandekus.ee\/?page_id=18193"},"modified":"2026-03-19T13:00:08","modified_gmt":"2026-03-19T11:00:08","slug":"privaatsuspoliitika","status":"publish","type":"page","link":"https:\/\/lasteandekus.ee\/ru\/privaatsuspoliitika\/","title":{"rendered":"Privaatsuspoliitika"},"content":{"rendered":"<p>K\u00e4esolev privaatsuspoliitika selgitab, kuidas&nbsp;<strong>MT\u00dc LASTE ANDEKUSE TOETUSFOND<\/strong>&nbsp;(registrikood 80667681; edaspidi &#8220;Toetusfond&#8221;) kogub ja kaitseb Teie isikuandmeid.<\/p>\n\n\n\n<h3 class=\"wp-block-heading\">1. Milliseid andmeid me kogume?<\/h3>\n\n\n\n<p>Kogume ainult annetuste vastuv\u00f5tmiseks ja p\u00e4ringutele vastamiseks vajalikku infot:<\/p>\n\n\n\n<ul class=\"wp-block-list\">\n<li><strong>Identifitseerimisandmed:<\/strong>\u00a0Nimi (edastatakse pangast koos annetusega).<\/li>\n\n\n\n<li><strong>Kontaktandmed:<\/strong>\u00a0E-posti aadress (kui kirjutate meile).<\/li>\n\n\n\n<li><strong>Makseinfo:<\/strong>\u00a0Annetuse summa ja kuup\u00e4ev. Toetusfond ei n\u00e4e ega salvesta Teie pangakaardi andmeid ega pangaparoole.<\/li>\n<\/ul>\n\n\n\n<h3 class=\"wp-block-heading\">2. T\u00f6\u00f6tlemise eesm\u00e4rgid<\/h3>\n\n\n\n<p>T\u00f6\u00f6tleme andmeid j\u00e4rgmistel eesm\u00e4rkidel:<\/p>\n\n\n\n<ul class=\"wp-block-list\">\n<li><strong>Annetuste haldamine:<\/strong>\u00a0Annetuste vastuv\u00f5tmine ja raamatupidamislik dokumenteerimine.<\/li>\n\n\n\n<li><strong>Suhtlus:<\/strong>\u00a0Teie k\u00fcsimustele vastamine.<\/li>\n<\/ul>\n\n\n\n<h3 class=\"wp-block-heading\">3. Andmete edastamine<\/h3>\n\n\n\n<p>Me ei m\u00fc\u00fc ega jaga Teie andmeid kolmandatele osapooltele reklaami eesm\u00e4rgil. Edastame andmeid ainult:<\/p>\n\n\n\n<ul class=\"wp-block-list\">\n<li><strong>Makseteenuse pakkujatele:<\/strong>\u00a0Makse sooritamiseks (pankadele).<\/li>\n\n\n\n<li><strong>Raamatupidamisele:<\/strong>\u00a0Seadusest tulenevaks majandustegevuse kajastamiseks.<\/li>\n<\/ul>\n\n\n\n<h3 class=\"wp-block-heading\">4. Andmete s\u00e4ilitamine<\/h3>\n\n\n\n<ul class=\"wp-block-list\">\n<li>Annetustega seotud raamatupidamislikke andmeid s\u00e4ilitame 7 aastat vastavalt seadusele.<\/li>\n\n\n\n<li>Kirjavahetust s\u00e4ilitame vastavalt vajadusele k\u00fcsimuse lahendamiseni.<\/li>\n<\/ul>\n\n\n\n<h3 class=\"wp-block-heading\">5. K\u00fcpsiste puudumine<\/h3>\n\n\n\n<p>Meie veebileht ei kasuta k\u00fcpsiseid (cookies) ega muid j\u00e4litustehnoloogiaid kasutajate veebik\u00e4itumise anal\u00fc\u00fcsimiseks. Teie veebilehe k\u00fclastus on anon\u00fc\u00fcmne.<\/p>\n\n\n\n<h3 class=\"wp-block-heading\">6. Teie \u00f5igused<\/h3>\n\n\n\n<p>Teil on \u00f5igus tutvuda oma andmetega, taotleda parandamist v\u00f5i andmete kustutamist (v.a raamatupidamislikud andmed, mille s\u00e4ilitamine on kohustuslik).<\/p>\n\n\n\n<h3 class=\"wp-block-heading\">7. Kontakt<\/h3>\n\n\n\n<p><strong>MT\u00dc LASTE ANDEKUSE TOETUSFOND<\/strong><br>E-post:&nbsp;<a target=\"_blank\" rel=\"noreferrer noopener\" href=\"https:\/\/www.google.com\/url?sa=E&amp;q=mailto%3Ainfo%40lasteandekus.ee\">info@lasteandekus.ee<\/a><br>Aadress: Staadioni tn 73, 51008, Tartu<\/p>","protected":false},"excerpt":{"rendered":"<p>K\u00e4esolev privaatsuspoliitika selgitab, kuidas&nbsp;MT\u00dc LASTE ANDEKUSE TOETUSFOND&nbsp;(registrikood 80667681; edaspidi &#8220;Toetusfond&#8221;) kogub ja kaitseb Teie isikuandmeid. 1. Milliseid andmeid me kogume? Kogume ainult annetuste vastuv\u00f5tmiseks ja p\u00e4ringutele vastamiseks vajalikku infot: 2. T\u00f6\u00f6tlemise eesm\u00e4rgid T\u00f6\u00f6tleme andmeid j\u00e4rgmistel eesm\u00e4rkidel: 3. Andmete edastamine Me ei m\u00fc\u00fc ega jaga Teie andmeid kolmandatele osapooltele reklaami eesm\u00e4rgil. Edastame andmeid ainult: 4. Andmete [&hellip;]<\/p>\n","protected":false},"author":4,"featured_media":0,"parent":0,"menu_order":0,"comment_status":"closed","ping_status":"closed","template":"","meta":{"footnotes":""},"categories":[],"tags":[],"class_list":["post-18193","page","type-page","status-publish","hentry"],"_links":{"self":[{"href":"https:\/\/lasteandekus.ee\/ru\/wp-json\/wp\/v2\/pages\/18193","targetHints":{"allow":["GET"]}}],"collection":[{"href":"https:\/\/lasteandekus.ee\/ru\/wp-json\/wp\/v2\/pages"}],"about":[{"href":"https:\/\/lasteandekus.ee\/ru\/wp-json\/wp\/v2\/types\/page"}],"author":[{"embeddable":true,"href":"https:\/\/lasteandekus.ee\/ru\/wp-json\/wp\/v2\/users\/4"}],"replies":[{"embeddable":true,"href":"https:\/\/lasteandekus.ee\/ru\/wp-json\/wp\/v2\/comments?post=18193"}],"version-history":[{"count":1,"href":"https:\/\/lasteandekus.ee\/ru\/wp-json\/wp\/v2\/pages\/18193\/revisions"}],"predecessor-version":[{"id":18194,"href":"https:\/\/lasteandekus.ee\/ru\/wp-json\/wp\/v2\/pages\/18193\/revisions\/18194"}],"wp:attachment":[{"href":"https:\/\/lasteandekus.ee\/ru\/wp-json\/wp\/v2\/media?parent=18193"}],"wp:term":[{"taxonomy":"category","embeddable":true,"href":"https:\/\/lasteandekus.ee\/ru\/wp-json\/wp\/v2\/categories?post=18193"},{"taxonomy":"post_tag","embeddable":true,"href":"https:\/\/lasteandekus.ee\/ru\/wp-json\/wp\/v2\/tags?post=18193"}],"curies":[{"name":"wp","href":"https:\/\/api.w.org\/{rel}","templated":true}]}}